{"id":2714,"date":"2019-02-12T21:18:04","date_gmt":"2019-02-12T21:18:04","guid":{"rendered":"http:\/\/amphiman.be\/?page_id=2714"},"modified":"2019-04-13T10:17:38","modified_gmt":"2019-04-13T10:17:38","slug":"partenaires","status":"publish","type":"page","link":"https:\/\/amphiman.be\/fr\/partenaires\/","title":{"rendered":"Partenaires"},"content":{"rendered":"<div class=\"fusion-fullwidth fullwidth-box fusion-builder-row-1 hundred-percent-fullwidth non-hundred-percent-height-scrolling fusion-equal-height-columns\" style=\"background-color: rgba(255,255,255,0);background-position: center center;background-repeat: no-repeat;padding-top:20px;padding-right:0px;padding-bottom:0px;padding-left:0px;margin-bottom: 0px;margin-top: 0px;border-width: 0px 0px 0px 0px;border-color:#eae9e9;border-style:solid;\" ><div class=\"fusion-builder-row fusion-row\"><div class=\"fusion-layout-column fusion_builder_column fusion-builder-column-0 fusion_builder_column_1_3 1_3 fusion-one-third fusion-column-first\" style=\"width:33.333333333333%;width:calc(33.333333333333% - ( ( 5% + 5% ) * 0.33333333333333 ) );margin-right: 5%;margin-top:0px;margin-bottom:20px;\"><div class=\"fusion-column-wrapper fusion-flex-column-wrapper-legacy\" style=\"background-position:left top;background-repeat:no-repeat;-webkit-background-size:cover;-moz-background-size:cover;-o-background-size:cover;background-size:cover;border:2px solid #25b577;padding: 20px 20px 20px 20px;\"><div class=\"imageframe-align-center\"><span class=\" fusion-imageframe imageframe-none imageframe-1 hover-type-zoomin\" style=\"max-width:200px;\"><img width=\"227\" height=\"62\" title=\"garmin\" src=\"https:\/\/amphiman.be\/wp-content\/uploads\/2018\/11\/garmin.png\" alt class=\"img-responsive wp-image-1193\" srcset=\"https:\/\/amphiman.be\/wp-content\/uploads\/2018\/11\/garmin-200x55.png 200w, https:\/\/amphiman.be\/wp-content\/uploads\/2018\/11\/garmin.png 227w\" sizes=\"(max-width: 1000px) 100vw, 227px\" \/><\/span><\/div><div class=\"fusion-sep-clear\"><\/div><div class=\"fusion-separator\" style=\"margin-left: auto;margin-right: auto;margin-top:20px;margin-bottom:20px;width:100%;max-width:50%;\"><div class=\"fusion-separator-border sep-single sep-solid\" style=\"border-color:#25b577;border-top-width:3px;\"><\/div><\/div><div class=\"fusion-sep-clear\"><\/div><div class=\"fusion-text fusion-text-1\"><p>N&rsquo;ayez plus peur de sortir des sentiers battus avec nos montres et bracelets GPS multisports, aussi styl\u00e9s qu&rsquo;efficaces.<\/p>\n<\/div><span class=\" fusion-imageframe imageframe-none imageframe-2 hover-type-none\"><img width=\"700\" height=\"202\" title=\"Fenix5lineup\" src=\"https:\/\/amphiman.be\/wp-content\/uploads\/2019\/02\/Fenix5lineup.jpg\" alt class=\"img-responsive wp-image-2801\" srcset=\"https:\/\/amphiman.be\/wp-content\/uploads\/2019\/02\/Fenix5lineup-200x58.jpg 200w, https:\/\/amphiman.be\/wp-content\/uploads\/2019\/02\/Fenix5lineup-400x115.jpg 400w, https:\/\/amphiman.be\/wp-content\/uploads\/2019\/02\/Fenix5lineup-600x173.jpg 600w, https:\/\/amphiman.be\/wp-content\/uploads\/2019\/02\/Fenix5lineup.jpg 700w\" sizes=\"(max-width: 1000px) 100vw, 400px\" \/><\/span><div class=\"fusion-sep-clear\"><\/div><div class=\"fusion-separator\" style=\"margin-left: auto;margin-right: auto;margin-top:20px;margin-bottom:20px;width:100%;max-width:50%;\"><div class=\"fusion-separator-border sep-single sep-solid\" style=\"border-color:#25b577;border-top-width:3px;\"><\/div><\/div><div class=\"fusion-sep-clear\"><\/div><div class=\"fusion-video fusion-youtube fusion-no-small-visibility\" style=\"max-width:600px;max-height:360px;\"><div class=\"video-shortcode\"><iframe title=\"YouTube video player 1\" src=\"https:\/\/www.youtube.com\/embed\/bULgg1bUntA?wmode=transparent&autoplay=0\" width=\"600\" height=\"360\" allowfullscreen allow=\"autoplay; fullscreen\"><\/iframe><\/div><\/div><div class=\"fusion-clearfix\"><\/div><\/div><\/div><div class=\"fusion-layout-column fusion_builder_column fusion-builder-column-1 fusion_builder_column_1_3 1_3 fusion-one-third\" style=\"width:33.333333333333%;width:calc(33.333333333333% - ( ( 5% + 5% ) * 0.33333333333333 ) );margin-right: 5%;margin-top:0px;margin-bottom:20px;\"><div class=\"fusion-column-wrapper fusion-flex-column-wrapper-legacy\" style=\"background-position:left top;background-repeat:no-repeat;-webkit-background-size:cover;-moz-background-size:cover;-o-background-size:cover;background-size:cover;border:2px solid #25b577;padding: 20px 20px 20px 20px;\"><div class=\"imageframe-align-center\"><span class=\" fusion-imageframe imageframe-none imageframe-3 hover-type-zoomin\" style=\"max-width:200px;\"><a class=\"fusion-no-lightbox\" href=\"https:\/\/www.trakks.be\/en\" target=\"_blank\" aria-label=\"trakks_color\" rel=\"noopener noreferrer\"><img width=\"489\" height=\"155\" src=\"https:\/\/amphiman.be\/wp-content\/uploads\/2019\/02\/trakks_color.png\" alt class=\"img-responsive wp-image-2741\" srcset=\"https:\/\/amphiman.be\/wp-content\/uploads\/2019\/02\/trakks_color-200x63.png 200w, https:\/\/amphiman.be\/wp-content\/uploads\/2019\/02\/trakks_color-400x127.png 400w, https:\/\/amphiman.be\/wp-content\/uploads\/2019\/02\/trakks_color.png 489w\" sizes=\"(max-width: 1000px) 100vw, 400px\" \/><\/a><\/span><\/div><div class=\"fusion-sep-clear\"><\/div><div class=\"fusion-separator\" style=\"margin-left: auto;margin-right: auto;margin-top:20px;margin-bottom:20px;width:100%;max-width:50%;\"><div class=\"fusion-separator-border sep-single sep-solid\" style=\"border-color:#25b577;border-top-width:3px;\"><\/div><\/div><div class=\"fusion-sep-clear\"><\/div><div class=\"fusion-text fusion-text-2\"><p>TraKKs est un espace de partage et d\u2019expertise offrant une gamme compl\u00e8te et cibl\u00e9e d\u2019\u00e9quipements et de services pour tous les passionn\u00e9s de running, trail et randonn\u00e9e, du d\u00e9butant aux plus confirm\u00e9s.<\/p>\n<\/div><div class=\"fusion-video fusion-vimeo fusion-no-small-visibility fusion-aligncenter\" style=\"max-width:600px;max-height:360px; width:100%\"><div class=\"video-shortcode\"><iframe title=\"Vimeo video player 1\" src=\"https:\/\/player.vimeo.com\/video\/317055351?autoplay=0&autopause=0\" width=\"600\" height=\"360\" allowfullscreen allow=\"autoplay; fullscreen\"><\/iframe><\/div><\/div><div class=\"fusion-clearfix\"><\/div><\/div><\/div><div class=\"fusion-layout-column fusion_builder_column fusion-builder-column-2 fusion_builder_column_1_3 1_3 fusion-one-third fusion-column-last\" style=\"width:33.333333333333%;width:calc(33.333333333333% - ( ( 5% + 5% ) * 0.33333333333333 ) );margin-top:0px;margin-bottom:20px;\"><div class=\"fusion-column-wrapper fusion-flex-column-wrapper-legacy\" style=\"background-position:left top;background-repeat:no-repeat;-webkit-background-size:cover;-moz-background-size:cover;-o-background-size:cover;background-size:cover;border:2px solid #25b577;padding: 20px 20px 20px 20px;\"><div class=\"imageframe-align-center\"><span class=\" fusion-imageframe imageframe-none imageframe-4 hover-type-zoomin\" style=\"max-width:200px;\"><a class=\"fusion-no-lightbox\" href=\"https:\/\/www.head.com\/en-en\/sports\/swimming\/\" target=\"_blank\" aria-label=\"head.fw\" rel=\"noopener noreferrer\"><img width=\"400\" height=\"150\" src=\"https:\/\/amphiman.be\/wp-content\/uploads\/2018\/11\/head.fw_.png\" alt class=\"img-responsive wp-image-1190\" srcset=\"https:\/\/amphiman.be\/wp-content\/uploads\/2018\/11\/head.fw_-200x75.png 200w, https:\/\/amphiman.be\/wp-content\/uploads\/2018\/11\/head.fw_.png 400w\" sizes=\"(max-width: 1000px) 100vw, 400px\" \/><\/a><\/span><\/div><div class=\"fusion-sep-clear\"><\/div><div class=\"fusion-separator\" style=\"margin-left: auto;margin-right: auto;margin-top:20px;margin-bottom:20px;width:100%;max-width:50%;\"><div class=\"fusion-separator-border sep-single sep-solid\" style=\"border-color:#25b577;border-top-width:3px;\"><\/div><\/div><div class=\"fusion-sep-clear\"><\/div><div class=\"fusion-text fusion-text-3\"><p>Head offre un gamma vari\u00e9 pour votre equipement swimrun.<\/p>\n<p>Vous pouvez le retrouver ici:<\/p>\n<\/div><div class=\"fusion-content-boxes content-boxes columns row fusion-columns-2 fusion-columns-total-2 fusion-content-boxes-1 content-boxes-icon-on-top content-left\" data-animationOffset=\"top-into-view\" style=\"margin-top:40px;margin-bottom:40px;\"><style type=\"text\/css\">.fusion-content-boxes-1 .heading .content-box-heading {color:#2d2d2d;}\n\t\t\t\t\t.fusion-content-boxes-1 .fusion-content-box-hover .link-area-link-icon-hover .heading .content-box-heading,\n\t\t\t\t\t.fusion-content-boxes-1 .fusion-content-box-hover .link-area-link-icon-hover .heading .heading-link .content-box-heading,\n\t\t\t\t\t.fusion-content-boxes-1 .fusion-content-box-hover .link-area-box-hover .heading .content-box-heading,\n\t\t\t\t\t.fusion-content-boxes-1 .fusion-content-box-hover .link-area-box-hover .heading .heading-link .content-box-heading,\n\t\t\t\t\t.fusion-content-boxes-1 .fusion-content-box-hover .link-area-link-icon-hover.link-area-box .fusion-read-more,\n\t\t\t\t\t.fusion-content-boxes-1 .fusion-content-box-hover .link-area-link-icon-hover.link-area-box .fusion-read-more::after,\n\t\t\t\t\t.fusion-content-boxes-1 .fusion-content-box-hover .link-area-link-icon-hover.link-area-box .fusion-read-more::before,\n\t\t\t\t\t.fusion-content-boxes-1 .fusion-content-box-hover .fusion-read-more:hover:after,\n\t\t\t\t\t.fusion-content-boxes-1 .fusion-content-box-hover .fusion-read-more:hover:before,\n\t\t\t\t\t.fusion-content-boxes-1 .fusion-content-box-hover .fusion-read-more:hover,\n\t\t\t\t\t.fusion-content-boxes-1 .fusion-content-box-hover .link-area-box-hover.link-area-box .fusion-read-more,\n\t\t\t\t\t.fusion-content-boxes-1 .fusion-content-box-hover .link-area-box-hover.link-area-box .fusion-read-more::after,\n\t\t\t\t\t.fusion-content-boxes-1 .fusion-content-box-hover .link-area-box-hover.link-area-box .fusion-read-more::before,\n\t\t\t\t\t.fusion-content-boxes-1 .fusion-content-box-hover .link-area-link-icon-hover .icon .circle-no,\n\t\t\t\t\t.fusion-content-boxes-1 .heading .heading-link:hover .content-box-heading {\n\t\t\t\t\t\tcolor: #25b577;\n\t\t\t\t\t}\n\t\t\t\t\t.fusion-content-boxes-1 .fusion-content-box-hover .link-area-box-hover .icon .circle-no {\n\t\t\t\t\t\tcolor: #25b577 !important;\n\t\t\t\t\t}.fusion-content-boxes-1 .fusion-content-box-hover .link-area-box.link-area-box-hover .fusion-content-box-button {background: #25b577;color: #ffffff;}.fusion-content-boxes-1 .fusion-content-box-hover .link-area-box.link-area-box-hover .fusion-content-box-button .fusion-button-text {color: #ffffff;}\n\t\t\t\t\t.fusion-content-boxes-1 .fusion-content-box-hover .link-area-link-icon-hover .heading .icon > span {\n\t\t\t\t\t\tbackground-color: transparent !important;\n\t\t\t\t\t}\n\t\t\t\t\t.fusion-content-boxes-1 .fusion-content-box-hover .link-area-box-hover .heading .icon > span {\n\t\t\t\t\t\tborder-color: #25b577 !important;\n\t\t\t\t\t}<\/style><div class=\"fusion-column content-box-column content-box-column content-box-column-1 col-lg-6 col-md-6 col-sm-6 fusion-content-box-hover content-box-column-first-in-row\"><div class=\"col content-box-wrapper content-wrapper-background link-area-box link-type-button-bar icon-hover-animation-fade\" style=\"background-color:#f29e0e;\" data-link=\"https:\/\/www.head.com\/swim-eu\/en-IC\/men\/open-water.html\/?change_region=1\" data-link-target=\"_blank\" data-animationOffset=\"top-into-view\"><div class=\"heading heading-with-icon icon-left\"><a class=\"heading-link\" href=\"https:\/\/www.head.com\/swim-eu\/en-IC\/men\/open-water.html\/?change_region=1\" target=\"_blank\" rel=\"noopener noreferrer\"><div class=\"icon\"><i style=\"background-color:transparent;border-color:transparent;height:auto;width: 70px;line-height:normal;color:#4b75ac;font-size:70px;\" aria-hidden=\"true\" class=\"fontawesome-icon fa-male fas circle-no\"><\/i><\/div><h2 class=\"content-box-heading fusion-responsive-typography-calculated\" style=\"font-size:26px;--fontSize:26;line-height:1.1;\">Pour hommes<\/h2><\/a><\/div><\/div><\/div><div class=\"fusion-column content-box-column content-box-column content-box-column-2 col-lg-6 col-md-6 col-sm-6 fusion-content-box-hover content-box-column-last content-box-column-last-in-row\"><div class=\"col content-box-wrapper content-wrapper-background link-area-box link-type-button-bar icon-hover-animation-fade\" style=\"background-color:#f29e0e;\" data-link=\"https:\/\/www.head.com\/swim-eu\/en-IC\/women\/open-water.html\/?change_region=1\" data-link-target=\"_blank\" data-animationOffset=\"top-into-view\"><div class=\"heading heading-with-icon icon-left\"><a class=\"heading-link\" href=\"https:\/\/www.head.com\/swim-eu\/en-IC\/women\/open-water.html\/?change_region=1\" target=\"_blank\" rel=\"noopener noreferrer\"><div class=\"icon\"><i style=\"background-color:transparent;border-color:transparent;height:auto;width: 70px;line-height:normal;color:#4b75ac;font-size:70px;\" aria-hidden=\"true\" class=\"fontawesome-icon fa-female fas circle-no\"><\/i><\/div><h2 class=\"content-box-heading fusion-responsive-typography-calculated\" style=\"font-size:26px;--fontSize:26;line-height:1.1;\">Pour femmes<\/h2><\/a><\/div><\/div><\/div><style type=\"text\/css\">\n\t\t\t\t\t\t.fusion-content-boxes-1 .fusion-content-box-hover .heading-link:hover .icon i.circle-yes,\n\t\t\t\t\t\t.fusion-content-boxes-1 .fusion-content-box-hover .link-area-box:hover .heading-link .icon i.circle-yes,\n\t\t\t\t\t\t.fusion-content-boxes-1 .fusion-content-box-hover .link-area-link-icon-hover .heading .icon i.circle-yes,\n\t\t\t\t\t\t.fusion-content-boxes-1 .fusion-content-box-hover .link-area-box-hover .heading .icon i.circle-yes {\n\t\t\t\t\t\t\tbackground-color: transparent !important;\n\t\t\t\t\t\t\tborder-color: #25b577 !important;\n\t\t\t\t\t\t}<\/style><div class=\"fusion-clearfix\"><\/div><\/div><div class=\"fusion-sep-clear\"><\/div><div class=\"fusion-separator\" style=\"margin-left: auto;margin-right: auto;margin-top:20px;margin-bottom:20px;width:100%;max-width:50%;\"><div class=\"fusion-separator-border sep-single sep-solid\" style=\"border-color:#25b577;border-top-width:3px;\"><\/div><\/div><div class=\"fusion-sep-clear\"><\/div><span class=\" fusion-imageframe imageframe-none imageframe-5 hover-type-none\"><img width=\"2531\" height=\"791\" title=\"we_are_swimrun\" src=\"https:\/\/amphiman.be\/wp-content\/uploads\/2019\/02\/we_are_swimrun.png\" alt class=\"img-responsive wp-image-2811\" srcset=\"https:\/\/amphiman.be\/wp-content\/uploads\/2019\/02\/we_are_swimrun-200x63.png 200w, https:\/\/amphiman.be\/wp-content\/uploads\/2019\/02\/we_are_swimrun-400x125.png 400w, https:\/\/amphiman.be\/wp-content\/uploads\/2019\/02\/we_are_swimrun-600x188.png 600w, https:\/\/amphiman.be\/wp-content\/uploads\/2019\/02\/we_are_swimrun-800x250.png 800w, https:\/\/amphiman.be\/wp-content\/uploads\/2019\/02\/we_are_swimrun-1200x375.png 1200w, https:\/\/amphiman.be\/wp-content\/uploads\/2019\/02\/we_are_swimrun.png 2531w\" sizes=\"(max-width: 1000px) 100vw, 400px\" \/><\/span><div class=\"fusion-clearfix\"><\/div><\/div><\/div><div class=\"fusion-layout-column fusion_builder_column fusion-builder-column-3 fusion_builder_column_1_3 1_3 fusion-one-third fusion-column-first\" style=\"width:33.333333333333%;width:calc(33.333333333333% - ( ( 5% ) * 0.33333333333333 ) );margin-right: 5%;margin-top:0px;margin-bottom:20px;\"><div class=\"fusion-column-wrapper fusion-flex-column-wrapper-legacy\" style=\"background-position:left top;background-repeat:no-repeat;-webkit-background-size:cover;-moz-background-size:cover;-o-background-size:cover;background-size:cover;border:2px solid #25b577;padding: 20px 20px 20px 20px;\"><div class=\"imageframe-align-center\"><span class=\" fusion-imageframe imageframe-none imageframe-6 hover-type-zoomin\" style=\"max-width:200px;\"><a class=\"fusion-no-lightbox\" href=\"https:\/\/www.head.com\/en-en\/sports\/swimming\/\" target=\"_blank\" aria-label=\"wcup\" rel=\"noopener noreferrer\"><img width=\"245\" height=\"259\" src=\"https:\/\/amphiman.be\/wp-content\/uploads\/2019\/04\/wcup.png\" alt class=\"img-responsive wp-image-2871\" srcset=\"https:\/\/amphiman.be\/wp-content\/uploads\/2019\/04\/wcup-200x211.png 200w, https:\/\/amphiman.be\/wp-content\/uploads\/2019\/04\/wcup.png 245w\" sizes=\"(max-width: 1000px) 100vw, 245px\" \/><\/a><\/span><\/div><div class=\"fusion-sep-clear\"><\/div><div class=\"fusion-separator\" style=\"margin-left: auto;margin-right: auto;margin-top:20px;margin-bottom:20px;width:100%;max-width:50%;\"><div class=\"fusion-separator-border sep-single sep-solid\" style=\"border-color:#25b577;border-top-width:3px;\"><\/div><\/div><div class=\"fusion-sep-clear\"><\/div><div class=\"fusion-text fusion-text-4\"><p>WCUP offre un gamma vari\u00e9 des nutricions pour avant, pendant et apres les activit\u00e9s de sport.<\/p>\n<p>Vous pouvez le retrouver ici:<\/p>\n<\/div><div class=\"fusion-content-boxes content-boxes columns row fusion-columns-2 fusion-columns-total-3 fusion-content-boxes-2 content-boxes-timeline-horizontal content-left content-boxes-icon-on-top content-boxes-timeline-layout fusion-delayed-animation\" data-animation-delay=\"350\" data-animationOffset=\"top-into-view\" style=\"margin-top:40px;margin-bottom:40px;\"><style type=\"text\/css\">.fusion-content-boxes-2 .heading .content-box-heading {color:#ffffff;}\n\t\t\t\t\t.fusion-content-boxes-2 .fusion-content-box-hover .link-area-link-icon-hover .heading .content-box-heading,\n\t\t\t\t\t.fusion-content-boxes-2 .fusion-content-box-hover .link-area-link-icon-hover .heading .heading-link .content-box-heading,\n\t\t\t\t\t.fusion-content-boxes-2 .fusion-content-box-hover .link-area-box-hover .heading .content-box-heading,\n\t\t\t\t\t.fusion-content-boxes-2 .fusion-content-box-hover .link-area-box-hover .heading .heading-link .content-box-heading,\n\t\t\t\t\t.fusion-content-boxes-2 .fusion-content-box-hover .link-area-link-icon-hover.link-area-box .fusion-read-more,\n\t\t\t\t\t.fusion-content-boxes-2 .fusion-content-box-hover .link-area-link-icon-hover.link-area-box .fusion-read-more::after,\n\t\t\t\t\t.fusion-content-boxes-2 .fusion-content-box-hover .link-area-link-icon-hover.link-area-box .fusion-read-more::before,\n\t\t\t\t\t.fusion-content-boxes-2 .fusion-content-box-hover .fusion-read-more:hover:after,\n\t\t\t\t\t.fusion-content-boxes-2 .fusion-content-box-hover .fusion-read-more:hover:before,\n\t\t\t\t\t.fusion-content-boxes-2 .fusion-content-box-hover .fusion-read-more:hover,\n\t\t\t\t\t.fusion-content-boxes-2 .fusion-content-box-hover .link-area-box-hover.link-area-box .fusion-read-more,\n\t\t\t\t\t.fusion-content-boxes-2 .fusion-content-box-hover .link-area-box-hover.link-area-box .fusion-read-more::after,\n\t\t\t\t\t.fusion-content-boxes-2 .fusion-content-box-hover .link-area-box-hover.link-area-box .fusion-read-more::before,\n\t\t\t\t\t.fusion-content-boxes-2 .fusion-content-box-hover .link-area-link-icon-hover .icon .circle-no,\n\t\t\t\t\t.fusion-content-boxes-2 .heading .heading-link:hover .content-box-heading {\n\t\t\t\t\t\tcolor: #25b577;\n\t\t\t\t\t}\n\t\t\t\t\t.fusion-content-boxes-2 .fusion-content-box-hover .link-area-box-hover .icon .circle-no {\n\t\t\t\t\t\tcolor: #25b577 !important;\n\t\t\t\t\t}.fusion-content-boxes-2 .fusion-content-box-hover .link-area-box.link-area-box-hover .fusion-content-box-button {background: #25b577;color: #ffffff;}.fusion-content-boxes-2 .fusion-content-box-hover .link-area-box.link-area-box-hover .fusion-content-box-button .fusion-button-text {color: #ffffff;}\n\t\t\t\t\t.fusion-content-boxes-2 .fusion-content-box-hover .link-area-link-icon-hover .heading .icon > span {\n\t\t\t\t\t\tbackground-color: transparent !important;\n\t\t\t\t\t}\n\t\t\t\t\t.fusion-content-boxes-2 .fusion-content-box-hover .link-area-box-hover .heading .icon > span {\n\t\t\t\t\t\tborder-color: #25b577 !important;\n\t\t\t\t\t}<\/style><div class=\"fusion-column content-box-column content-box-column content-box-column-1 col-lg-6 col-md-6 col-sm-6 fusion-content-box-hover content-box-column-first-in-row\"><div class=\"col content-box-wrapper content-wrapper-background link-area-box link-type-button-bar icon-hover-animation-fade fusion-animated\" style=\"background-color:#f44336;\" data-link=\"https:\/\/wcup.eu\/fr\/cat\/prestation-fr\/avant\/\" data-link-target=\"_blank\" data-animationType=\"fadeIn\" data-animationDuration=\"0.25\" data-animationOffset=\"top-into-view\"><div class=\"heading icon-left\"><a class=\"heading-link\" href=\"https:\/\/wcup.eu\/fr\/cat\/prestation-fr\/avant\/\" target=\"_blank\" rel=\"noopener noreferrer\"><h2 class=\"content-box-heading fusion-responsive-typography-calculated\" style=\"font-size:26px;--fontSize:26;line-height:1.1;\">Avant<\/h2><\/a><\/div><\/div><\/div><div class=\"fusion-column content-box-column content-box-column content-box-column-2 col-lg-6 col-md-6 col-sm-6 fusion-content-box-hover content-box-column-last-in-row\"><div class=\"col content-box-wrapper content-wrapper-background link-area-box link-type-button-bar icon-hover-animation-fade fusion-animated\" style=\"background-color:#f44336;\" data-link=\"https:\/\/wcup.eu\/fr\/cat\/prestation-fr\/pendant\/\" data-link-target=\"_blank\" data-animationType=\"fadeIn\" data-animationDuration=\"0.25\" data-animationOffset=\"top-into-view\"><div class=\"heading icon-left\"><a class=\"heading-link\" href=\"https:\/\/wcup.eu\/fr\/cat\/prestation-fr\/pendant\/\" target=\"_blank\" rel=\"noopener noreferrer\"><h2 class=\"content-box-heading fusion-responsive-typography-calculated\" style=\"font-size:26px;--fontSize:26;line-height:1.1;\">Pendant<\/h2><\/a><\/div><\/div><\/div><div class=\"fusion-column content-box-column content-box-column content-box-column-3 col-lg-6 col-md-6 col-sm-6 fusion-content-box-hover content-box-column-first-in-row content-box-column-last\"><div class=\"col content-box-wrapper content-wrapper-background link-area-box link-type-button-bar icon-hover-animation-fade fusion-animated\" style=\"background-color:#f44336;\" data-link=\"https:\/\/wcup.eu\/fr\/cat\/prestation-fr\/apres\/\" data-link-target=\"_blank\" data-animationType=\"fadeIn\" data-animationDuration=\"0.25\" data-animationOffset=\"top-into-view\"><div class=\"heading icon-left\"><a class=\"heading-link\" href=\"https:\/\/wcup.eu\/fr\/cat\/prestation-fr\/apres\/\" target=\"_blank\" rel=\"noopener noreferrer\"><h2 class=\"content-box-heading fusion-responsive-typography-calculated\" style=\"font-size:26px;--fontSize:26;line-height:1.1;\">Apr\u00e8s<\/h2><\/a><\/div><\/div><\/div><style type=\"text\/css\">\n\t\t\t\t\t\t.fusion-content-boxes-2 .fusion-content-box-hover .heading-link:hover .icon i.circle-yes,\n\t\t\t\t\t\t.fusion-content-boxes-2 .fusion-content-box-hover .link-area-box:hover .heading-link .icon i.circle-yes,\n\t\t\t\t\t\t.fusion-content-boxes-2 .fusion-content-box-hover .link-area-link-icon-hover .heading .icon i.circle-yes,\n\t\t\t\t\t\t.fusion-content-boxes-2 .fusion-content-box-hover .link-area-box-hover .heading .icon i.circle-yes {\n\t\t\t\t\t\t\tbackground-color: transparent !important;\n\t\t\t\t\t\t\tborder-color: #25b577 !important;\n\t\t\t\t\t\t}<\/style><div class=\"fusion-clearfix\"><\/div><\/div><div class=\"fusion-sep-clear\"><\/div><div class=\"fusion-separator\" style=\"margin-left: auto;margin-right: auto;margin-top:20px;margin-bottom:20px;width:100%;max-width:50%;\"><div class=\"fusion-separator-border sep-single sep-solid\" style=\"border-color:#25b577;border-top-width:3px;\"><\/div><\/div><div class=\"fusion-sep-clear\"><\/div><span class=\" fusion-imageframe imageframe-none imageframe-7 hover-type-none\"><img width=\"1600\" height=\"524\" title=\"wcup drinking\" src=\"https:\/\/amphiman.be\/wp-content\/uploads\/2019\/04\/wcup-drinking.png\" alt class=\"img-responsive wp-image-2874\" srcset=\"https:\/\/amphiman.be\/wp-content\/uploads\/2019\/04\/wcup-drinking-200x66.png 200w, https:\/\/amphiman.be\/wp-content\/uploads\/2019\/04\/wcup-drinking-400x131.png 400w, https:\/\/amphiman.be\/wp-content\/uploads\/2019\/04\/wcup-drinking-600x197.png 600w, https:\/\/amphiman.be\/wp-content\/uploads\/2019\/04\/wcup-drinking-800x262.png 800w, https:\/\/amphiman.be\/wp-content\/uploads\/2019\/04\/wcup-drinking-1200x393.png 1200w, https:\/\/amphiman.be\/wp-content\/uploads\/2019\/04\/wcup-drinking.png 1600w\" sizes=\"(max-width: 1000px) 100vw, 400px\" \/><\/span><div class=\"fusion-clearfix\"><\/div><\/div><\/div><\/div><\/div>\n","protected":false},"excerpt":{"rendered":"","protected":false},"author":1,"featured_media":0,"parent":0,"menu_order":70,"comment_status":"closed","ping_status":"closed","template":"100-width.php","meta":[],"_links":{"self":[{"href":"https:\/\/amphiman.be\/fr\/wp-json\/wp\/v2\/pages\/2714"}],"collection":[{"href":"https:\/\/amphiman.be\/fr\/wp-json\/wp\/v2\/pages"}],"about":[{"href":"https:\/\/amphiman.be\/fr\/wp-json\/wp\/v2\/types\/page"}],"author":[{"embeddable":true,"href":"https:\/\/amphiman.be\/fr\/wp-json\/wp\/v2\/users\/1"}],"replies":[{"embeddable":true,"href":"https:\/\/amphiman.be\/fr\/wp-json\/wp\/v2\/comments?post=2714"}],"version-history":[{"count":24,"href":"https:\/\/amphiman.be\/fr\/wp-json\/wp\/v2\/pages\/2714\/revisions"}],"predecessor-version":[{"id":2884,"href":"https:\/\/amphiman.be\/fr\/wp-json\/wp\/v2\/pages\/2714\/revisions\/2884"}],"wp:attachment":[{"href":"https:\/\/amphiman.be\/fr\/wp-json\/wp\/v2\/media?parent=2714"}],"curies":[{"name":"wp","href":"https:\/\/api.w.org\/{rel}","templated":true}]}}