{"id":2597,"date":"2019-01-04T09:53:16","date_gmt":"2019-01-04T09:53:16","guid":{"rendered":"http:\/\/amphiman.be\/amphiman-lleh\/details-semi-marathon\/"},"modified":"2022-02-18T17:40:48","modified_gmt":"2022-02-18T17:40:48","slug":"details-distance-moyenne","status":"publish","type":"page","link":"https:\/\/amphiman.be\/fr\/lleh\/details-distance-moyenne\/","title":{"rendered":"D\u00e9tails Distance Moyenne"},"content":{"rendered":"<p><div class=\"fusion-fullwidth fullwidth-box fusion-builder-row-1 hundred-percent-fullwidth non-hundred-percent-height-scrolling fusion-equal-height-columns\" style=\"background-color: rgba(255,255,255,0);background-position: center center;background-repeat: no-repeat;padding-top:100px;padding-right:11%;padding-bottom:100px;padding-left:11%;margin-bottom: 0px;margin-top: 0px;border-width: 0px 0px 0px 0px;border-color:#eae9e9;border-style:solid;\" ><div class=\"fusion-builder-row fusion-row\"><div class=\"fusion-layout-column fusion_builder_column fusion-builder-column-0 fusion_builder_column_1_2 1_2 fusion-one-half fusion-column-first\" style=\"width:50%;width:calc(50% - ( ( 10% ) * 0.5 ) );margin-right: 10%;margin-top:15px;margin-bottom:15px;\"><div class=\"fusion-column-wrapper fusion-flex-column-wrapper-legacy\" style=\"background-position:left top;background-repeat:no-repeat;-webkit-background-size:cover;-moz-background-size:cover;-o-background-size:cover;background-size:cover;padding: 0px 0px 0px 0px;\"><div class=\"fusion-column-content-centered\"><div class=\"fusion-column-content\"><div class=\"fusion-menu-anchor\" id=\"program\"><\/div><div class=\"fusion-text fusion-text-1\"><h2>Programme<\/h2>\n<\/div><div class=\"fusion-sep-clear\"><\/div><div class=\"fusion-separator fusion-clearfix\" style=\"float:left;margin-bottom:50px;width:100%;max-width:200px;\"><div class=\"fusion-separator-border sep-single sep-solid\" style=\"border-color:#25b577;border-top-width:4px;\"><\/div><\/div><div class=\"fusion-sep-clear\"><\/div><div class=\"fusion-text fusion-text-2\"><p>Programme de la journ\u00e9e<\/p>\n<p>(certains changements peuvent \u00eatre op\u00e9r\u00e9s, le cas \u00e9ch\u00e9ant vous serez inform\u00e9s via les news letters)<\/p>\n<h5 class=\"fusion-responsive-typography-calculated\" data-fontsize=\"22\" data-lineheight=\"33px\">Dimanche 5 juin 2022<\/h5>\n<p><strong>07:50<\/strong> Ouverture du site et v\u00e9rification du parcours<br \/>\n<strong>08:00 <\/strong>Opening secretariaat. Ophaling wedstrijdnummers<br \/>\n<span style=\"color: #dfdfdf;\"><strong>10:00<\/strong> D\u00e9part de la distance LONGUE (38 km)<\/span><br \/>\n<strong>10:05<\/strong> Briefing courte au d\u00e9part (plus dans la salle)<br \/>\n<strong>10:10<\/strong> D\u00e9part de la distance MOYENNE (23 km)<br \/>\n<span style=\"color: #dfdfdf;\"><strong>10:30<\/strong> D\u00e9part de la distance SPRINT(11 km)<\/span><br \/>\n<span style=\"color: #dfdfdf;\"><strong>12:00<\/strong> Arriv\u00e9e de la premi\u00e8re \u00e9quipe de la distance SPRINT<\/span><br \/>\n<span style=\"color: #000000;\"><strong>13:30<\/strong> Aankomst eerste atleten MIDDEN afstand.<\/span><br \/>\n<span style=\"color: #dfdfdf;\"><strong>15:00<\/strong> Aankomst eerste atleten LANGE afstand.<\/span><br \/>\n<strong>16:00<\/strong> Remise des prix (ou attendre pour le podium complet)<br \/>\n<strong>17:00<\/strong> Fin de course.<\/p>\n<\/div><\/div><\/div><div class=\"fusion-clearfix\"><\/div><\/div><\/div><div class=\"fusion-layout-column fusion_builder_column fusion-builder-column-1 fusion_builder_column_1_2 1_2 fusion-one-half fusion-column-last fusion-no-small-visibility\" style=\"width:50%;width:calc(50% - ( ( 10% ) * 0.5 ) );margin-top:15px;margin-bottom:15px;\"><div class=\"fusion-column-wrapper fusion-flex-column-wrapper-legacy\" style=\"background-position:left top;background-repeat:no-repeat;-webkit-background-size:cover;-moz-background-size:cover;-o-background-size:cover;background-size:cover;padding: 0px 0px 0px 0px;\"><div class=\"fusion-column-content-centered\"><div class=\"fusion-column-content\"><style type=\"text\/css\">.fusion-image-before-after-1 .fusion-image-before-after-handle {border-color:#ffffff;}.fusion-image-before-after-1 .fusion-image-before-after-left-arrow {border-right-color:#ffffff;}.fusion-image-before-after-1 .fusion-image-before-after-right-arrow {border-left-color:#ffffff;}.fusion-image-before-after-1 .fusion-image-before-after-handle::after {background:#ffffff;box-shadow: 0 3px 0 #ffffff, 0 0 12px rgba(51,51,51,.5);}.fusion-image-before-after-1 .fusion-image-before-after-handle::before {background:#ffffff;box-shadow: 0 3px 0 #ffffff, 0 0 12px rgba(51,51,51,.5);}.fusion-image-before-after-1 .fusion-image-before-after-handle {background:rgba(255,255,255,0);}.fusion-image-before-after-1 .fusion-image-before-after-before-label:before,.fusion-image-before-after-1 .fusion-image-before-after-after-label:before{font-size:13px;}.fusion-image-before-after-1 .fusion-image-before-after-before-label:before,.fusion-image-before-after-1 .fusion-image-before-after-after-label:before{color:#ffffff;background:rgba(255,255,255,0.15);}<\/style><div class=\"fusion-image-before-after-wrapper fusion-image-before-after-horizontal fusion-image-before-after-wrapper-1\"><div class=\"fusion-image-before-after-element fusion-image-before-after fusion-image-before-after-container fusion-image-before-after-1\" data-offset=\"0.5\" data-orientation=\"horizontal\" data-move-with-handle-only=\"true\" data-click-to-move=\"true\"><img class=\"fusion-image-before-after-before\" src=\"https:\/\/amphiman.be\/wp-content\/uploads\/2018\/12\/41105174655.jpg\" width=\"1200\" height=\"750\"><img class=\"fusion-image-before-after-after\" src=\"https:\/\/amphiman.be\/wp-content\/uploads\/2018\/12\/41113978105.jpg\" width=\"1200\" height=\"750\"><div class=\"fusion-image-before-after-handle fusion-image-before-after-handle-default\"><span class=\"fusion-image-before-after-left-arrow\"><\/span><span class=\"fusion-image-before-after-right-arrow\"><\/span><\/div><\/div><\/div><\/div><\/div><div class=\"fusion-clearfix\"><\/div><\/div><\/div><\/div><\/div><div class=\"fusion-fullwidth fullwidth-box fusion-builder-row-2 hundred-percent-fullwidth non-hundred-percent-height-scrolling fusion-equal-height-columns\" style=\"background-color: #f4f6f7;background-position: center center;background-repeat: no-repeat;padding-top:0px;padding-right:11%;padding-bottom:100px;padding-left:11%;margin-bottom: 0px;margin-top: 0px;border-width: 0px 0px 0px 0px;border-color:#eae9e9;border-style:solid;\" ><div class=\"fusion-builder-row fusion-row\"><div class=\"fusion-layout-column fusion_builder_column fusion-builder-column-2 fusion_builder_column_1_2 1_2 fusion-one-half fusion-column-first fusion-column-no-min-height\" style=\"width:50%;width:calc(50% - ( ( 10% ) * 0.5 ) );margin-right: 10%;margin-top:15px;margin-bottom:15px;\"><div class=\"fusion-column-wrapper fusion-flex-column-wrapper-legacy\" style=\"background-position:left top;background-repeat:no-repeat;-webkit-background-size:cover;-moz-background-size:cover;-o-background-size:cover;background-size:cover;border-width: 0 0 0 0;border-color:#ededed;border-style:solid;padding: 0px 0px 0px 0px;\"><div class=\"fusion-menu-anchor\" id=\"track\"><\/div><div class=\"fusion-sep-clear\"><\/div><div class=\"fusion-separator\" style=\"margin-left: auto;margin-right: auto;margin-top:80px;width:100%;max-width:100px;\"><\/div><div class=\"fusion-sep-clear\"><\/div><div class=\"fusion-text fusion-text-3\"><p><strong>Carte d\u00e9taill\u00e9e<\/strong><\/p>\n<\/div><a class=\"awb-lightbox awb-lightbox-1\" href=\"https:\/\/amphiman.be\/wp-content\/uploads\/2022\/01\/amphiman_track_23km2.png\" data-rel=\"iLightbox\"><img src=\"https:\/\/amphiman.be\/wp-content\/uploads\/2022\/01\/amphiman_track_23km2.png\" alt=\"Distance moyenne track map\"><\/a><div class=\"fusion-sep-clear\"><\/div><div class=\"fusion-separator\" style=\"margin-left: auto;margin-right: auto;margin-top:25px;width:100%;max-width:100px;\"><\/div><div class=\"fusion-sep-clear\"><\/div><div class=\"fusion-align-block\"><style>.fusion-button.button-1{border-radius:25px 25px 25px 25px;}<\/style><a class=\"fusion-button button-flat fusion-button-default-size button-default button-1 fusion-button-span-yes cta-button\" target=\"_blank\" rel=\"noopener noreferrer\" href=\"https:\/\/connect.garmin.com\/modern\/course\/82557699\"><i class=\"fa-map-marked-alt fas button-icon-left\" aria-hidden=\"true\"><\/i><span class=\"fusion-button-text\">Lien Garmin GPS<\/span><\/a><\/div><div class=\"fusion-clearfix\"><\/div><\/div><\/div><div class=\"fusion-layout-column fusion_builder_column fusion-builder-column-3 fusion_builder_column_1_2 1_2 fusion-one-half fusion-column-last\" style=\"width:50%;width:calc(50% - ( ( 10% ) * 0.5 ) );margin-top:15px;margin-bottom:15px;\"><div class=\"fusion-column-wrapper fusion-flex-column-wrapper-legacy\" style=\"background-position:left top;background-repeat:no-repeat;-webkit-background-size:cover;-moz-background-size:cover;-o-background-size:cover;background-size:cover;padding: 0px 0px 0px 0px;\"><div class=\"fusion-column-content-centered\"><div class=\"fusion-column-content\"><div class=\"fusion-text fusion-text-4\"><h2>Parcours<\/h2>\n<\/div><div class=\"fusion-sep-clear\"><\/div><div class=\"fusion-separator fusion-clearfix\" style=\"float:left;margin-bottom:50px;width:100%;max-width:200px;\"><div class=\"fusion-separator-border sep-single sep-solid\" style=\"border-color:#25b577;border-top-width:4px;\"><\/div><\/div><div class=\"fusion-sep-clear\"><\/div><div class=\"fusion-text fusion-text-5\"><p>Sections Swim\/Run de la distance moyenne:<\/p>\n<\/div>\n<div class=\"table-1\">\n<table width=\"100%\">\n<tbody>\n<tr>\n<th colspan=\"2\">Course \u00e0 pied(km)<\/th>\n<th colspan=\"2\">Natation(m)<\/th>\n<th>Totale (km)<\/th>\n<\/tr>\n<tr>\n<td>R14<\/td>\n<td>1.38<\/td>\n<td>S14<\/td>\n<td>160<\/td>\n<\/tr>\n<tr>\n<td>R15<\/td>\n<td>0.46<\/td>\n<td>S15<\/td>\n<td>190<\/td>\n<\/tr>\n<tr>\n<td>R9b<\/td>\n<td>1.49<\/td>\n<td>S16<\/td>\n<td>370<\/td>\n<\/tr>\n<tr>\n<td>R16<\/td>\n<td>1.29<\/td>\n<td>S17<\/td>\n<td>180<\/td>\n<\/tr>\n<tr>\n<td>R17<\/td>\n<td>0.71<\/td>\n<td>S18<\/td>\n<td>230<\/td>\n<\/tr>\n<tr>\n<td>R7<\/td>\n<td>1.41<\/td>\n<td>S7<\/td>\n<td>600<\/td>\n<\/tr>\n<tr>\n<td>R8<\/td>\n<td>1.12<\/td>\n<td>S8<\/td>\n<td>240<\/td>\n<\/tr>\n<tr>\n<td>R9(c)<\/td>\n<td>5.78<\/td>\n<td>S9<\/td>\n<td>280<\/td>\n<\/tr>\n<tr>\n<td>R10<\/td>\n<td>1.67<\/td>\n<td>S10<\/td>\n<td>390<\/td>\n<\/tr>\n<tr>\n<td>R11<\/td>\n<td>2.6<\/td>\n<td>S11<\/td>\n<td>210<\/td>\n<\/tr>\n<tr>\n<td>R12<\/td>\n<td>0.34<\/td>\n<td>S12<\/td>\n<td>110<\/td>\n<\/tr>\n<tr>\n<td>R13<\/td>\n<td>0.95<\/td>\n<td>S13<\/td>\n<td>750<\/td>\n<\/tr>\n<tr>\n<td>R14<\/td>\n<td>0.8<\/td>\n<td><\/td>\n<td>0<\/td>\n<\/tr>\n<tr>\n<td colspan=\"2\"><b>20.0<\/b><\/td>\n<td colspan=\"2\"><b>3.71<\/b><\/td>\n<td><b>23.71<\/b><\/td>\n<\/tr>\n<\/tbody>\n<\/table>\n<\/div>\n<div class=\"fusion-text fusion-text-6\"><\/div><div class=\"fusion-sep-clear\"><\/div><div class=\"fusion-separator\" style=\"margin-left: auto;margin-right: auto;margin-top:25px;width:100%;max-width:100px;\"><\/div><div class=\"fusion-sep-clear\"><\/div><div class=\"fusion-text fusion-text-7\"><p><b>Ravitaillements<\/b><\/p>\n<p>Il y a trois ravitaillements sur la distance moyenne et un \u00e0 l&rsquo;arriv\u00e9e<\/p>\n<\/div>\n<div class=\"table-1\">\n<table width=\"100%\">\n<thead>\n<tr>\n<th style=\"text-align: center;\" align=\"left\">Ravitaillement<\/th>\n<th style=\"text-align: center;\" align=\"left\">Situation sur le parcours<\/th>\n<th style=\"text-align: center;\" align=\"left\">Distance sur Parcours (km)<\/th>\n<\/tr>\n<\/thead>\n<tbody>\n<tr>\n<td style=\"text-align: center;\" align=\"left\">ES2<\/td>\n<td style=\"text-align: center;\" align=\"left\">d\u00e9but R7<\/td>\n<td style=\"text-align: center;\" align=\"left\">6.64<\/td>\n<\/tr>\n<tr>\n<td style=\"text-align: center;\" align=\"left\">ES3<\/td>\n<td style=\"text-align: center;\" align=\"left\">milieu R9<\/td>\n<td style=\"text-align: center;\" align=\"left\">12.9<\/td>\n<\/tr>\n<tr>\n<td style=\"text-align: center;\" align=\"left\">ES4<\/td>\n<td style=\"text-align: center;\" align=\"left\">milieu R10<\/td>\n<td style=\"text-align: center;\" align=\"left\">17.0<\/td>\n<\/tr>\n<\/tbody>\n<\/table>\n<\/div>\n<\/div><\/div><div class=\"fusion-clearfix\"><\/div><\/div><\/div><\/div><\/div><\/p>\n","protected":false},"excerpt":{"rendered":"","protected":false},"author":1,"featured_media":0,"parent":2591,"menu_order":20,"comment_status":"closed","ping_status":"closed","template":"100-width.php","meta":[],"_links":{"self":[{"href":"https:\/\/amphiman.be\/fr\/wp-json\/wp\/v2\/pages\/2597"}],"collection":[{"href":"https:\/\/amphiman.be\/fr\/wp-json\/wp\/v2\/pages"}],"about":[{"href":"https:\/\/amphiman.be\/fr\/wp-json\/wp\/v2\/types\/page"}],"author":[{"embeddable":true,"href":"https:\/\/amphiman.be\/fr\/wp-json\/wp\/v2\/users\/1"}],"replies":[{"embeddable":true,"href":"https:\/\/amphiman.be\/fr\/wp-json\/wp\/v2\/comments?post=2597"}],"version-history":[{"count":34,"href":"https:\/\/amphiman.be\/fr\/wp-json\/wp\/v2\/pages\/2597\/revisions"}],"predecessor-version":[{"id":3388,"href":"https:\/\/amphiman.be\/fr\/wp-json\/wp\/v2\/pages\/2597\/revisions\/3388"}],"up":[{"embeddable":true,"href":"https:\/\/amphiman.be\/fr\/wp-json\/wp\/v2\/pages\/2591"}],"wp:attachment":[{"href":"https:\/\/amphiman.be\/fr\/wp-json\/wp\/v2\/media?parent=2597"}],"curies":[{"name":"wp","href":"https:\/\/api.w.org\/{rel}","templated":true}]}}